{"id":1876,"date":"2020-02-27T02:40:33","date_gmt":"2020-02-27T01:40:33","guid":{"rendered":"https:\/\/rus.gotland.se\/?page_id=1876"},"modified":"2021-03-31T13:48:40","modified_gmt":"2021-03-31T12:48:40","slug":"genomgaende-perspektiv-for-en-hallbar-utveckling-2","status":"publish","type":"page","link":"https:\/\/rus.gotland.se\/?page_id=1876","title":{"rendered":"Uppf\u00f6ljning, utv\u00e4rdering och l\u00e4rande"},"content":{"rendered":"<p>[et_pb_section fb_built=&#8221;1&#8243; fullwidth=&#8221;on&#8221; _builder_version=&#8221;4.2.2&#8243; background_color=&#8221;rgba(0,0,0,0)&#8221; background_enable_image=&#8221;off&#8221; background_position=&#8221;top_center&#8221; z_index=&#8221;0&#8243; height=&#8221;50vh&#8221; height_tablet=&#8221;40vh&#8221; height_phone=&#8221;30vh&#8221; height_last_edited=&#8221;on|desktop&#8221;][et_pb_fullwidth_image src=&#8221;https:\/\/rus.gotland.se\/wp-content\/uploads\/2019\/10\/P1000637.jpg&#8221; alt=&#8221;Pappa och son med famnarna fulla av svamp&#8221; module_class=&#8221;headerbild&#8221; _builder_version=&#8221;4.2.2&#8243; height=&#8221;100%&#8221;][\/et_pb_fullwidth_image][\/et_pb_section][et_pb_section fb_built=&#8221;1&#8243; _builder_version=&#8221;4.2.2&#8243; background_enable_color=&#8221;off&#8221; use_background_color_gradient=&#8221;on&#8221; background_color_gradient_start=&#8221;rgba(162,189,48,0.39)&#8221; background_color_gradient_end=&#8221;rgba(3,124,194,0.43)&#8221; background_color_gradient_direction=&#8221;244deg&#8221; positioning=&#8221;none&#8221; custom_margin=&#8221;0px||0px||true|false&#8221; custom_padding=&#8221;0px||0px||true|false&#8221; global_module=&#8221;2290&#8243; saved_tabs=&#8221;all&#8221;][et_pb_row _builder_version=&#8221;4.2.2&#8243; width_tablet=&#8221;&#8221; width_phone=&#8221;90%&#8221; width_last_edited=&#8221;on|phone&#8221; custom_padding=&#8221;0px||0px||true|false&#8221;][et_pb_column type=&#8221;4_4&#8243; _builder_version=&#8221;4.2.2&#8243;][et_pb_text _builder_version=&#8221;4.2.2&#8243; text_text_color=&#8221;#55565a&#8221; text_font_size=&#8221;0.8rem&#8221; text_line_height=&#8221;1.6rem&#8221; header_text_color=&#8221;#55565a&#8221; header_2_text_color=&#8221;#55565a&#8221; header_2_font_size=&#8221;1.5rem&#8221; max_width=&#8221;650px&#8221; max_width_tablet=&#8221;&#8221; max_width_phone=&#8221;&#8221; max_width_last_edited=&#8221;on|desktop&#8221; module_alignment=&#8221;left&#8221; custom_margin=&#8221;1rem||1rem||true|false&#8221; text_line_height_tablet=&#8221;&#8221; text_line_height_phone=&#8221;&#8221; text_line_height_last_edited=&#8221;on|tablet&#8221; header_2_font_size_tablet=&#8221;&#8221; header_2_font_size_phone=&#8221;1.2rem&#8221; header_2_font_size_last_edited=&#8221;on|phone&#8221;]<\/p>\n<span><span><a href=\"https:\/\/rus.gotland.se\/\">V\u00e5rt Gotland 2040<\/a><\/span><\/span>\n<p>[\/et_pb_text][\/et_pb_column][\/et_pb_row][\/et_pb_section][et_pb_section fb_built=&#8221;1&#8243; admin_label=&#8221;Sektion &#8211; Insatsomr\u00e5de&#8221; _builder_version=&#8221;3.29.2&#8243; custom_padding=&#8221;0px||0px|10px||&#8221;][et_pb_row column_structure=&#8221;3_5,2_5&#8243; use_custom_gutter=&#8221;on&#8221; gutter_width=&#8221;2&#8243; make_equal=&#8221;on&#8221; admin_label=&#8221;Rad insatsomr\u00e5de&#8221; _builder_version=&#8221;3.29.2&#8243; width_tablet=&#8221;&#8221; width_phone=&#8221;90%&#8221; width_last_edited=&#8221;on|phone&#8221; custom_margin=&#8221;1rem|auto|1rem||true|false&#8221;][et_pb_column type=&#8221;3_5&#8243; _builder_version=&#8221;3.29.2&#8243;][et_pb_text _builder_version=&#8221;4.2.2&#8243; text_font_size=&#8221;1rem&#8221; header_text_color=&#8221;#55565a&#8221; header_2_text_color=&#8221;#55565a&#8221; header_2_font_size=&#8221;1.5rem&#8221; header_3_text_color=&#8221;#55565a&#8221; max_width=&#8221;650px&#8221; max_width_tablet=&#8221;&#8221; max_width_phone=&#8221;&#8221; max_width_last_edited=&#8221;on|desktop&#8221; module_alignment=&#8221;left&#8221; custom_margin=&#8221;|245px|1rem||false|false&#8221; header_2_font_size_tablet=&#8221;&#8221; header_2_font_size_phone=&#8221;1.2rem&#8221; header_2_font_size_last_edited=&#8221;on|desktop&#8221;]<\/p>\n<h1>Uppf\u00f6ljning, utv\u00e4rdering och l\u00e4rande<\/h1>\n<p><span class=\"ingress\">M\u00e5len i den regionala utvecklingsstrategin \u00e4r l\u00e5ngsiktiga och omfattar m\u00e5nga samh\u00e4llsomr\u00e5den. Om v\u00e5r regionala utvecklingsstrategi h\u00e5lls aktuell \u00f6ver tid, om vi gemensamt kan f\u00f6lja utvecklingen p\u00e5 Gotland och om resultaten av regionalt utvecklingsarbete synligg\u00f6rs och anv\u00e4nds i ett gemensamt l\u00e4rande kan ocks\u00e5 det gemensamma engagemanget f\u00f6r utvecklingen p\u00e5 Gotland uppr\u00e4tth\u00e5llas.<\/span><\/p>\n<p>Region Gotland har uppdraget att f\u00f6lja utvecklingen p\u00e5 Gotland samt att \u00e5rligen f\u00f6lja upp och utv\u00e4rdera resultaten av regionalt utvecklingsarbete p\u00e5 ett samlat vis. Den regionala utvecklingsstrategin ska \u00e4ven ses \u00f6ver mellan varje val. Detta inneb\u00e4r att Region Gotland svarar f\u00f6r en \u00e5rlig samlad rapportering av hur utvecklingen ser ut p\u00e5 Gotland samt av vad regionalt utvecklingsarbete resulterat i. Den \u00e5rliga rapporten ska ligga till grund f\u00f6r gemensamt l\u00e4rande och vidareutveckling av regionalt utvecklingsarbete.<\/p>\n<p>En plan f\u00f6r uppf\u00f6ljning, utv\u00e4rdering och l\u00e4rande i relation till V\u00e5rt Gotland 2040 och genomf\u00f6randeprogrammen utvecklas. Det regionala utvecklingsuppdraget och d\u00e4rmed planen innefattar f\u00f6ljande delar.<\/p>\n<h2>F\u00f6lja utvecklingen p\u00e5 Gotland<\/h2>\n<p>Som st\u00f6d f\u00f6r att \u00f6ver tid f\u00f6lja om utvecklingen p\u00e5 Gotland g\u00e5r i r\u00e4tt riktning anv\u00e4nds relevanta indikatorer f\u00f6r respektive effektm\u00e5l i strategin. Andra relevanta underlag kan anv\u00e4ndas som komplement till indikatorerna f\u00f6r att f\u00f6lja utvecklingen. Vidare kan tematiska eller f\u00f6rdjupande studier med b\u00e4ring p\u00e5 utvecklingen p\u00e5 Gotland beh\u00f6va utvecklas i relation till prioriteringar i utvecklingsstrategin och genomf\u00f6randeprogram.<\/p>\n<h2>F\u00f6lja upp resultat av regionala utvecklingsinsatser enligt genomf\u00f6randeprogram<\/h2>\n<p>I det gemensamma arbetet med genomf\u00f6randeprogrammen konkretiseras \u00f6nskv\u00e4rda resultat av regionala utvecklingsinsatser genom att formulera m\u00e5l p\u00e5 kortare sikt, utifr\u00e5n de \u00f6vergripande effektm\u00e5len. Vidare ska arbetet konkretisera vad som \u00e4r viktigast att vi gemensamt genomf\u00f6r p\u00e5 kort sikt f\u00f6r att n\u00e5 dessa resultat.         <div class=\"rmwr-wrapper\" \n             data-id=\"rmwr-69f9da20a9eec\"\n             data-mode=\"normal\"\n             data-animation=\"fade\"\n             data-duration=\"300\"\n             data-smooth-scroll=\"true\"\n             data-scroll-offset=\"0\">\n            <button \n                type=\"button\"\n                class=\"read-link\" \n                id=\"readlinkrmwr-69f9da20a9eec\"\n                data-open-text=\"L\u00e4s mer...\"\n                data-close-text=\"L\u00e4s mindre...\"\n                aria-expanded=\"false\"\n                aria-controls=\"readrmwr-69f9da20a9eec\"\n                aria-label=\"L\u00e4s mer...\"\n            >\n                <span class=\"rmwr-text\">L\u00e4s mer...<\/span>\n            <\/button>\n            <div \n                class=\"read_div\" \n                id=\"readrmwr-69f9da20a9eec\"\n                aria-hidden=\"true\"\n                data-animation=\"fade\"\n                data-duration=\"300\"\n                style=\"display: none;\"\n            >\n                <\/p>\n<p>Planen f\u00f6r uppf\u00f6ljning, utv\u00e4rdering och l\u00e4rande beh\u00f6ver beskriva hur genomf\u00f6randet och resultaten av insatser ska f\u00f6ljas upp. Det innefattar relevanta uppf\u00f6ljnings- och utv\u00e4rderingsfr\u00e5gor samt metoder avseende s\u00e5v\u00e4l resultat av insatser som av processer, liksom hur utvecklingsmedel har anv\u00e4nts och f\u00f6rdelats mellan prioriteringar i V\u00e5rt Gotland 2040.             <\/div>\n        <\/div>\n        <\/p>\n<h2>Former f\u00f6r gemensamt l\u00e4rande<\/h2>\n<p>Former f\u00f6r ett gemensamt regionalt l\u00e4rande kring utvecklingen p\u00e5 Gotland liksom resultaten av regionalt utvecklingsarbete ska utvecklas. F\u00f6r detta beh\u00f6vs en egen \u00e5terkommande arena i form av en \u00e5rligt \u00e5terkommande m\u00f6tesplats. Det blir en plattform f\u00f6r gemensamt l\u00e4rande d\u00e4r resultat av gemensamma processer analyseras, vad som bidragit till utvecklingen och vilka f\u00f6r\u00e4ndringar som beh\u00f6vs.<\/p>\n<h2>Se \u00f6ver den regionala utvecklingsstrategin<\/h2>\n<p>Den regionala utvecklingsstrategin ska ses \u00f6ver mellan varje val. Nul\u00e4gesanalysen speglar utmaningar samt behov och m\u00f6jligheter, m\u00e5len vad vi vill \u00e5stadkomma. Planen f\u00f6r uppf\u00f6ljning, utv\u00e4rdering och l\u00e4rande ska visa om utmaningar och m\u00e5l \u00e4r fortsatt relevanta \u2013 och d\u00e4rmed om nya prioriteringar beh\u00f6ver g\u00f6ras.<\/p>\n<p>[\/et_pb_text][\/et_pb_column][et_pb_column type=&#8221;2_5&#8243; _builder_version=&#8221;3.29.2&#8243;][\/et_pb_column][\/et_pb_row][et_pb_row _builder_version=&#8221;4.2.2&#8243; positioning=&#8221;none&#8221; z_index=&#8221;1&#8243; width=&#8221;50%&#8221; width_tablet=&#8221;80%&#8221; width_phone=&#8221;&#8221; width_last_edited=&#8221;on|desktop&#8221; module_alignment=&#8221;center&#8221; custom_margin=&#8221;1rem||1rem||true|false&#8221; custom_padding=&#8221;0px||0px||true|false&#8221; global_module=&#8221;1540&#8243; saved_tabs=&#8221;all&#8221;][et_pb_column type=&#8221;4_4&#8243; _builder_version=&#8221;4.2.2&#8243;][\/et_pb_column][\/et_pb_row][\/et_pb_section][et_pb_section fb_built=&#8221;1&#8243; _builder_version=&#8221;4.2.2&#8243; background_enable_color=&#8221;off&#8221; use_background_color_gradient=&#8221;on&#8221; background_color_gradient_start=&#8221;rgba(162,189,48,0.39)&#8221; background_color_gradient_end=&#8221;rgba(3,124,194,0.43)&#8221; background_color_gradient_direction=&#8221;244deg&#8221; custom_margin=&#8221;0px||0px||true|false&#8221; custom_padding=&#8221;0px||0px||true|false&#8221; global_module=&#8221;2291&#8243; saved_tabs=&#8221;all&#8221;][et_pb_row _builder_version=&#8221;4.2.2&#8243; width_tablet=&#8221;&#8221; width_phone=&#8221;90%&#8221; width_last_edited=&#8221;on|phone&#8221; custom_margin=&#8221;0px|auto|0px||true|false&#8221; custom_padding=&#8221;0px||0px||true|false&#8221;][et_pb_column type=&#8221;4_4&#8243; _builder_version=&#8221;4.2.2&#8243;][et_pb_text _builder_version=&#8221;4.2.2&#8243; text_text_color=&#8221;#55565a&#8221; text_font_size=&#8221;0.8rem&#8221; text_line_height=&#8221;1.6rem&#8221; header_text_color=&#8221;#55565a&#8221; header_2_text_color=&#8221;#55565a&#8221; header_2_font_size=&#8221;1.5rem&#8221; max_width=&#8221;650px&#8221; max_width_tablet=&#8221;&#8221; max_width_phone=&#8221;&#8221; max_width_last_edited=&#8221;on|desktop&#8221; module_alignment=&#8221;left&#8221; custom_margin=&#8221;0rem||0rem||true|false&#8221; text_line_height_tablet=&#8221;&#8221; text_line_height_phone=&#8221;&#8221; text_line_height_last_edited=&#8221;on|tablet&#8221; header_2_font_size_tablet=&#8221;&#8221; header_2_font_size_phone=&#8221;1.2rem&#8221; header_2_font_size_last_edited=&#8221;on|phone&#8221;]<\/p>\n\n<p>[\/et_pb_text][\/et_pb_column][\/et_pb_row][\/et_pb_section]<\/p>\n","protected":false},"excerpt":{"rendered":"<p><span><span><a href=\"https:\/\/rus.gotland.se\/\">V\u00e5rt Gotland 2040<\/a><\/span><\/span>Uppf\u00f6ljning, utv\u00e4rdering och l\u00e4rande M\u00e5len i den regionala utvecklingsstrategin \u00e4r l\u00e5ngsiktiga och omfattar m\u00e5nga samh\u00e4llsomr\u00e5den. Om v\u00e5r regionala utvecklingsstrategi h\u00e5lls aktuell \u00f6ver tid, om vi gemensamt kan f\u00f6lja utvecklingen p\u00e5 Gotland och om resultaten av regionalt utvecklingsarbete synligg\u00f6rs och anv\u00e4nds i ett gemensamt l\u00e4rande kan ocks\u00e5 det gemensamma engagemanget f\u00f6r utvecklingen p\u00e5 Gotland uppr\u00e4tth\u00e5llas. Region [&hellip;]<\/p>\n","protected":false},"author":1,"featured_media":0,"parent":0,"menu_order":0,"comment_status":"closed","ping_status":"closed","template":"","meta":{"_acf_changed":false,"_et_pb_use_builder":"on","_et_pb_old_content":"","_et_gb_content_width":"","_lmt_disableupdate":"no","_lmt_disable":"","footnotes":""},"categories":[22,19],"tags":[],"class_list":["post-1876","page","type-page","status-publish","hentry","category-om-rus","category-rus"],"acf":[],"yoast_head":"<!-- This site is optimized with the Yoast SEO plugin v26.9 - https:\/\/yoast.com\/product\/yoast-seo-wordpress\/ -->\n<title>Uppf\u00f6ljning, utv\u00e4rdering och l\u00e4rande - V\u00e5rt Gotland 2040<\/title>\n<meta name=\"robots\" content=\"index, follow, max-snippet:-1, max-image-preview:large, max-video-preview:-1\" \/>\n<link rel=\"canonical\" href=\"https:\/\/rus.gotland.se\/?page_id=1876\" \/>\n<meta property=\"og:locale\" content=\"sv_SE\" \/>\n<meta property=\"og:type\" content=\"article\" \/>\n<meta property=\"og:title\" content=\"Uppf\u00f6ljning, utv\u00e4rdering och l\u00e4rande - V\u00e5rt Gotland 2040\" \/>\n<meta property=\"og:description\" content=\"Uppf\u00f6ljning, utv\u00e4rdering och l\u00e4rande M\u00e5len i den regionala utvecklingsstrategin \u00e4r l\u00e5ngsiktiga och omfattar m\u00e5nga samh\u00e4llsomr\u00e5den. Om v\u00e5r regionala utvecklingsstrategi h\u00e5lls aktuell \u00f6ver tid, om vi gemensamt kan f\u00f6lja utvecklingen p\u00e5 Gotland och om resultaten av regionalt utvecklingsarbete synligg\u00f6rs och anv\u00e4nds i ett gemensamt l\u00e4rande kan ocks\u00e5 det gemensamma engagemanget f\u00f6r utvecklingen p\u00e5 Gotland uppr\u00e4tth\u00e5llas. Region [&hellip;]\" \/>\n<meta property=\"og:url\" content=\"https:\/\/rus.gotland.se\/?page_id=1876\" \/>\n<meta property=\"og:site_name\" content=\"V\u00e5rt Gotland 2040\" \/>\n<meta property=\"article:modified_time\" content=\"2021-03-31T12:48:40+00:00\" \/>\n<meta property=\"og:image\" content=\"https:\/\/rus.gotland.se\/wp-content\/uploads\/2019\/11\/Rus_ill_0.png\" \/>\n\t<meta property=\"og:image:width\" content=\"1920\" \/>\n\t<meta property=\"og:image:height\" content=\"1080\" \/>\n\t<meta property=\"og:image:type\" content=\"image\/png\" \/>\n<meta name=\"twitter:card\" content=\"summary_large_image\" \/>\n<meta name=\"twitter:label1\" content=\"Ber\u00e4knad l\u00e4stid\" \/>\n\t<meta name=\"twitter:data1\" content=\"6 minuter\" \/>\n<script type=\"application\/ld+json\" class=\"yoast-schema-graph\">{\"@context\":\"https:\/\/schema.org\",\"@graph\":[{\"@type\":\"WebPage\",\"@id\":\"https:\/\/rus.gotland.se\/?page_id=1876\",\"url\":\"https:\/\/rus.gotland.se\/?page_id=1876\",\"name\":\"Uppf\u00f6ljning, utv\u00e4rdering och l\u00e4rande - V\u00e5rt Gotland 2040\",\"isPartOf\":{\"@id\":\"https:\/\/rus.gotland.se\/#website\"},\"datePublished\":\"2020-02-27T01:40:33+00:00\",\"dateModified\":\"2021-03-31T12:48:40+00:00\",\"breadcrumb\":{\"@id\":\"https:\/\/rus.gotland.se\/?page_id=1876#breadcrumb\"},\"inLanguage\":\"sv-SE\",\"potentialAction\":[{\"@type\":\"ReadAction\",\"target\":[\"https:\/\/rus.gotland.se\/?page_id=1876\"]}]},{\"@type\":\"BreadcrumbList\",\"@id\":\"https:\/\/rus.gotland.se\/?page_id=1876#breadcrumb\",\"itemListElement\":[{\"@type\":\"ListItem\",\"position\":1,\"name\":\"V\u00e5rt Gotland 2040\",\"item\":\"https:\/\/rus.gotland.se\/\"},{\"@type\":\"ListItem\",\"position\":2,\"name\":\"Uppf\u00f6ljning, utv\u00e4rdering och l\u00e4rande\"}]},{\"@type\":\"WebSite\",\"@id\":\"https:\/\/rus.gotland.se\/#website\",\"url\":\"https:\/\/rus.gotland.se\/\",\"name\":\"V\u00e5rt Gotland 2040\",\"description\":\"Regional utvecklingsstrategi - RUS | Region Gotland\",\"publisher\":{\"@id\":\"https:\/\/rus.gotland.se\/#organization\"},\"potentialAction\":[{\"@type\":\"SearchAction\",\"target\":{\"@type\":\"EntryPoint\",\"urlTemplate\":\"https:\/\/rus.gotland.se\/?s={search_term_string}\"},\"query-input\":{\"@type\":\"PropertyValueSpecification\",\"valueRequired\":true,\"valueName\":\"search_term_string\"}}],\"inLanguage\":\"sv-SE\"},{\"@type\":\"Organization\",\"@id\":\"https:\/\/rus.gotland.se\/#organization\",\"name\":\"Region Gotland\",\"url\":\"https:\/\/rus.gotland.se\/\",\"logo\":{\"@type\":\"ImageObject\",\"inLanguage\":\"sv-SE\",\"@id\":\"https:\/\/rus.gotland.se\/#\/schema\/logo\/image\/\",\"url\":\"https:\/\/rus.gotland.se\/wp-content\/uploads\/2019\/09\/RG_logo.png\",\"contentUrl\":\"https:\/\/rus.gotland.se\/wp-content\/uploads\/2019\/09\/RG_logo.png\",\"width\":900,\"height\":368,\"caption\":\"Region Gotland\"},\"image\":{\"@id\":\"https:\/\/rus.gotland.se\/#\/schema\/logo\/image\/\"}}]}<\/script>\n<!-- \/ Yoast SEO plugin. -->","yoast_head_json":{"title":"Uppf\u00f6ljning, utv\u00e4rdering och l\u00e4rande - V\u00e5rt Gotland 2040","robots":{"index":"index","follow":"follow","max-snippet":"max-snippet:-1","max-image-preview":"max-image-preview:large","max-video-preview":"max-video-preview:-1"},"canonical":"https:\/\/rus.gotland.se\/?page_id=1876","og_locale":"sv_SE","og_type":"article","og_title":"Uppf\u00f6ljning, utv\u00e4rdering och l\u00e4rande - V\u00e5rt Gotland 2040","og_description":"Uppf\u00f6ljning, utv\u00e4rdering och l\u00e4rande M\u00e5len i den regionala utvecklingsstrategin \u00e4r l\u00e5ngsiktiga och omfattar m\u00e5nga samh\u00e4llsomr\u00e5den. Om v\u00e5r regionala utvecklingsstrategi h\u00e5lls aktuell \u00f6ver tid, om vi gemensamt kan f\u00f6lja utvecklingen p\u00e5 Gotland och om resultaten av regionalt utvecklingsarbete synligg\u00f6rs och anv\u00e4nds i ett gemensamt l\u00e4rande kan ocks\u00e5 det gemensamma engagemanget f\u00f6r utvecklingen p\u00e5 Gotland uppr\u00e4tth\u00e5llas. Region [&hellip;]","og_url":"https:\/\/rus.gotland.se\/?page_id=1876","og_site_name":"V\u00e5rt Gotland 2040","article_modified_time":"2021-03-31T12:48:40+00:00","og_image":[{"width":1920,"height":1080,"url":"https:\/\/rus.gotland.se\/wp-content\/uploads\/2019\/11\/Rus_ill_0.png","type":"image\/png"}],"twitter_card":"summary_large_image","twitter_misc":{"Ber\u00e4knad l\u00e4stid":"6 minuter"},"schema":{"@context":"https:\/\/schema.org","@graph":[{"@type":"WebPage","@id":"https:\/\/rus.gotland.se\/?page_id=1876","url":"https:\/\/rus.gotland.se\/?page_id=1876","name":"Uppf\u00f6ljning, utv\u00e4rdering och l\u00e4rande - V\u00e5rt Gotland 2040","isPartOf":{"@id":"https:\/\/rus.gotland.se\/#website"},"datePublished":"2020-02-27T01:40:33+00:00","dateModified":"2021-03-31T12:48:40+00:00","breadcrumb":{"@id":"https:\/\/rus.gotland.se\/?page_id=1876#breadcrumb"},"inLanguage":"sv-SE","potentialAction":[{"@type":"ReadAction","target":["https:\/\/rus.gotland.se\/?page_id=1876"]}]},{"@type":"BreadcrumbList","@id":"https:\/\/rus.gotland.se\/?page_id=1876#breadcrumb","itemListElement":[{"@type":"ListItem","position":1,"name":"V\u00e5rt Gotland 2040","item":"https:\/\/rus.gotland.se\/"},{"@type":"ListItem","position":2,"name":"Uppf\u00f6ljning, utv\u00e4rdering och l\u00e4rande"}]},{"@type":"WebSite","@id":"https:\/\/rus.gotland.se\/#website","url":"https:\/\/rus.gotland.se\/","name":"V\u00e5rt Gotland 2040","description":"Regional utvecklingsstrategi - RUS | Region Gotland","publisher":{"@id":"https:\/\/rus.gotland.se\/#organization"},"potentialAction":[{"@type":"SearchAction","target":{"@type":"EntryPoint","urlTemplate":"https:\/\/rus.gotland.se\/?s={search_term_string}"},"query-input":{"@type":"PropertyValueSpecification","valueRequired":true,"valueName":"search_term_string"}}],"inLanguage":"sv-SE"},{"@type":"Organization","@id":"https:\/\/rus.gotland.se\/#organization","name":"Region Gotland","url":"https:\/\/rus.gotland.se\/","logo":{"@type":"ImageObject","inLanguage":"sv-SE","@id":"https:\/\/rus.gotland.se\/#\/schema\/logo\/image\/","url":"https:\/\/rus.gotland.se\/wp-content\/uploads\/2019\/09\/RG_logo.png","contentUrl":"https:\/\/rus.gotland.se\/wp-content\/uploads\/2019\/09\/RG_logo.png","width":900,"height":368,"caption":"Region Gotland"},"image":{"@id":"https:\/\/rus.gotland.se\/#\/schema\/logo\/image\/"}}]}},"_links":{"self":[{"href":"https:\/\/rus.gotland.se\/index.php?rest_route=\/wp\/v2\/pages\/1876","targetHints":{"allow":["GET"]}}],"collection":[{"href":"https:\/\/rus.gotland.se\/index.php?rest_route=\/wp\/v2\/pages"}],"about":[{"href":"https:\/\/rus.gotland.se\/index.php?rest_route=\/wp\/v2\/types\/page"}],"author":[{"embeddable":true,"href":"https:\/\/rus.gotland.se\/index.php?rest_route=\/wp\/v2\/users\/1"}],"replies":[{"embeddable":true,"href":"https:\/\/rus.gotland.se\/index.php?rest_route=%2Fwp%2Fv2%2Fcomments&post=1876"}],"version-history":[{"count":11,"href":"https:\/\/rus.gotland.se\/index.php?rest_route=\/wp\/v2\/pages\/1876\/revisions"}],"predecessor-version":[{"id":3592,"href":"https:\/\/rus.gotland.se\/index.php?rest_route=\/wp\/v2\/pages\/1876\/revisions\/3592"}],"wp:attachment":[{"href":"https:\/\/rus.gotland.se\/index.php?rest_route=%2Fwp%2Fv2%2Fmedia&parent=1876"}],"wp:term":[{"taxonomy":"category","embeddable":true,"href":"https:\/\/rus.gotland.se\/index.php?rest_route=%2Fwp%2Fv2%2Fcategories&post=1876"},{"taxonomy":"post_tag","embeddable":true,"href":"https:\/\/rus.gotland.se\/index.php?rest_route=%2Fwp%2Fv2%2Ftags&post=1876"}],"curies":[{"name":"wp","href":"https:\/\/api.w.org\/{rel}","templated":true}]}}