{"id":1885,"date":"2020-02-27T02:50:52","date_gmt":"2020-02-27T01:50:52","guid":{"rendered":"https:\/\/rus.gotland.se\/?page_id=1885"},"modified":"2021-03-17T09:27:53","modified_gmt":"2021-03-17T08:27:53","slug":"att-vara-en-o-region","status":"publish","type":"page","link":"https:\/\/rus.gotland.se\/?page_id=1885","title":{"rendered":"Gotland i v\u00e4rlden"},"content":{"rendered":"<p>[et_pb_section fb_built=&#8221;1&#8243; fullwidth=&#8221;on&#8221; _builder_version=&#8221;4.2.2&#8243; background_color=&#8221;rgba(0,0,0,0)&#8221; background_enable_image=&#8221;off&#8221; background_position=&#8221;top_center&#8221; z_index=&#8221;0&#8243; height=&#8221;50vh&#8221; height_tablet=&#8221;40vh&#8221; height_phone=&#8221;30vh&#8221; height_last_edited=&#8221;on|desktop&#8221;][et_pb_fullwidth_image src=&#8221;https:\/\/rus.gotland.se\/wp-content\/uploads\/2020\/02\/RUS_foto_crop_14.jpg&#8221; alt=&#8221;Pappa och son med famnarna fulla av svamp&#8221; module_class=&#8221;headerbild&#8221; _builder_version=&#8221;4.2.2&#8243; height=&#8221;100%&#8221; hover_enabled=&#8221;0&#8243;][\/et_pb_fullwidth_image][\/et_pb_section][et_pb_section fb_built=&#8221;1&#8243; _builder_version=&#8221;4.2.2&#8243; background_enable_color=&#8221;off&#8221; use_background_color_gradient=&#8221;on&#8221; background_color_gradient_start=&#8221;rgba(162,189,48,0.39)&#8221; background_color_gradient_end=&#8221;rgba(3,124,194,0.43)&#8221; background_color_gradient_direction=&#8221;244deg&#8221; positioning=&#8221;none&#8221; custom_margin=&#8221;0px||0px||true|false&#8221; custom_padding=&#8221;0px||0px||true|false&#8221; global_module=&#8221;2290&#8243; saved_tabs=&#8221;all&#8221;][et_pb_row _builder_version=&#8221;4.2.2&#8243; width_tablet=&#8221;&#8221; width_phone=&#8221;90%&#8221; width_last_edited=&#8221;on|phone&#8221; custom_padding=&#8221;0px||0px||true|false&#8221;][et_pb_column type=&#8221;4_4&#8243; _builder_version=&#8221;4.2.2&#8243;][et_pb_text _builder_version=&#8221;4.2.2&#8243; text_text_color=&#8221;#55565a&#8221; text_font_size=&#8221;0.8rem&#8221; text_line_height=&#8221;1.6rem&#8221; header_text_color=&#8221;#55565a&#8221; header_2_text_color=&#8221;#55565a&#8221; header_2_font_size=&#8221;1.5rem&#8221; max_width=&#8221;650px&#8221; max_width_tablet=&#8221;&#8221; max_width_phone=&#8221;&#8221; max_width_last_edited=&#8221;on|desktop&#8221; module_alignment=&#8221;left&#8221; custom_margin=&#8221;1rem||1rem||true|false&#8221; text_line_height_tablet=&#8221;&#8221; text_line_height_phone=&#8221;&#8221; text_line_height_last_edited=&#8221;on|tablet&#8221; header_2_font_size_tablet=&#8221;&#8221; header_2_font_size_phone=&#8221;1.2rem&#8221; header_2_font_size_last_edited=&#8221;on|phone&#8221;]<\/p>\n<span><span><a href=\"https:\/\/rus.gotland.se\/\">V\u00e5rt Gotland 2040<\/a><\/span><\/span>\n<p>[\/et_pb_text][\/et_pb_column][\/et_pb_row][\/et_pb_section][et_pb_section fb_built=&#8221;1&#8243; admin_label=&#8221;Sektion &#8211; Insatsomr\u00e5de&#8221; _builder_version=&#8221;3.29.2&#8243; custom_padding=&#8221;0px||0px|10px||&#8221;][et_pb_row column_structure=&#8221;3_5,2_5&#8243; use_custom_gutter=&#8221;on&#8221; gutter_width=&#8221;2&#8243; make_equal=&#8221;on&#8221; admin_label=&#8221;Rad insatsomr\u00e5de&#8221; _builder_version=&#8221;3.29.2&#8243; width_tablet=&#8221;&#8221; width_phone=&#8221;90%&#8221; width_last_edited=&#8221;on|phone&#8221; custom_margin=&#8221;1rem|auto|1rem||true|false&#8221;][et_pb_column type=&#8221;3_5&#8243; _builder_version=&#8221;3.29.2&#8243;][et_pb_text module_id=&#8221;oregion&#8221; _builder_version=&#8221;4.2.2&#8243; text_font_size=&#8221;1rem&#8221; header_text_color=&#8221;#55565a&#8221; header_2_text_color=&#8221;#55565a&#8221; header_2_font_size=&#8221;1.5rem&#8221; header_3_text_color=&#8221;#55565a&#8221; max_width=&#8221;650px&#8221; max_width_tablet=&#8221;&#8221; max_width_phone=&#8221;&#8221; max_width_last_edited=&#8221;on|desktop&#8221; module_alignment=&#8221;left&#8221; custom_margin=&#8221;|245px|1rem||false|false&#8221; header_2_font_size_tablet=&#8221;&#8221; header_2_font_size_phone=&#8221;1.2rem&#8221; header_2_font_size_last_edited=&#8221;on|desktop&#8221;]<\/p>\n<h1>Gotland i v\u00e4rlden<\/h1>\n<h2>\u00d6-l\u00e4get p\u00e5verkar f\u00f6ruts\u00e4ttningarna<\/h2>\n<p><span class=\"ingress\">Gotland ligger mitt i \u00d6stersj\u00f6n. Det \u00e4r femton mil till Nyn\u00e4shamn, tolv mil till Oskarshamn tio mil till V\u00e4stervik och cirka tjugo mil till Lettlands kust. \u00d6-l\u00e4get inneb\u00e4r f\u00f6ruts\u00e4ttningar som uppmuntrar kreativitet och en vana att gemensamt l\u00f6sa viktiga fr\u00e5gor. <\/span><\/p>\n<p>En stark kulturell och regional identitet \u00e4r n\u00e5got som k\u00e4nnetecknat gotl\u00e4nningar genom historien. Det syns bland annat i v\u00e5r unika bebyggelse och kulturmilj\u00f6er som \u00e4r pr\u00e4glade av lokala f\u00f6ruts\u00e4ttningar, men ocks\u00e5 av att Gotland genom tiderna berikats av kontakter med omv\u00e4rlden.\u00a0<\/p>\n<p>\u00d6-l\u00e4get st\u00e4ller s\u00e4rskilda krav p\u00e5 tillg\u00e4nglighet och h\u00e5llbara kommunikationer f\u00f6r att f\u00f6rse Gotland med varor och tj\u00e4nster och f\u00f6r gotl\u00e4ndska f\u00f6retag att kunna s\u00e4lja sina varor och tj\u00e4nster p\u00e5 andra marknader. God tillg\u00e4nglighet \u00e4r viktigt f\u00f6r s\u00e5v\u00e4l boende och bes\u00f6kare som verksamma p\u00e5 \u00f6n och ger tillg\u00e5ng till service och utbud som inte finns p\u00e5 Gotland. Trafiksystem s\u00e4tter ramar f\u00f6r rese- och transportm\u00f6nster b\u00e5de vad g\u00e4ller tids\u00e5tg\u00e5ng och m\u00e5lpunkter. I EU:s transportpolitik finns utpekade stomn\u00e4tskorridorer, som ska knyta ihop Europas viktigaste urbana knutpunkter till 2030 och samtliga regioner ha \u00e5tkomst till \u00e5r 2050. F\u00f6r Gotlands del beh\u00f6vs samverkan med regioner p\u00e5 fastlandet f\u00f6r att s\u00e4kerst\u00e4lla en god access till de europeiska stomn\u00e4tskorridorerna.\u00a0        <div class=\"rmwr-wrapper\" \n             data-id=\"rmwr-69f0e8af20105\"\n             data-mode=\"normal\"\n             data-animation=\"fade\"\n             data-duration=\"300\"\n             data-smooth-scroll=\"true\"\n             data-scroll-offset=\"0\">\n            <button \n                type=\"button\"\n                class=\"read-link\" \n                id=\"readlinkrmwr-69f0e8af20105\"\n                data-open-text=\"L\u00e4s mer...\"\n                data-close-text=\"L\u00e4s mindre...\"\n                aria-expanded=\"false\"\n                aria-controls=\"readrmwr-69f0e8af20105\"\n                aria-label=\"L\u00e4s mer...\"\n            >\n                <span class=\"rmwr-text\">L\u00e4s mer...<\/span>\n            <\/button>\n            <div \n                class=\"read_div\" \n                id=\"readrmwr-69f0e8af20105\"\n                aria-hidden=\"true\"\n                data-animation=\"fade\"\n                data-duration=\"300\"\n                style=\"display: none;\"\n            >\n                <\/p>\n<p>Transportinfrastrukturen \u00e4r \u00e4ven avg\u00f6rande f\u00f6r flera samh\u00e4llsviktiga omr\u00e5den bland annat h\u00e4lso- och sjukv\u00e5rd, livsmedels- och drivmedelsf\u00f6rs\u00f6rjning, handel och industri samt f\u00f6r att hantera risker och s\u00e5rbarhet samt garantera s\u00e4kerhet och totalf\u00f6rsvar. Det s\u00e4kerhetspolitiska l\u00e4get i \u00d6stersj\u00f6n har \u00e5teraktualiserat Gotlands strategiska l\u00e4ge och d\u00e4rmed \u00e5teruppbyggnaden av ett modernt totalf\u00f6rsvar.<\/p>\n<p>\u00d6-l\u00e4get inneb\u00e4r s\u00e4rskilda utmaningar att hantera olika typer av samh\u00e4llsst\u00f6rningar, framf\u00f6r allt vad g\u00e4ller geografiska, resursm\u00e4ssiga och logistiska f\u00f6ruts\u00e4ttningar. En del av den grundl\u00e4ggande tryggheten \u00e4r att kunna uppr\u00e4tth\u00e5lla samh\u00e4llsviktiga funktioner och inom vissa omr\u00e5den \u00e4r det centralt att kunna s\u00e4kerst\u00e4lla en \u00f6-drift. Det \u00e4r \u00e4ven av stort v\u00e4rde att kunna klara bland annat energi- och livsmedelsf\u00f6rs\u00f6rjning under en viss tid utan leveranser fr\u00e5n omv\u00e4rlden. B\u00e5de i vardag, kris och h\u00f6jd beredskap m\u00e5ste samh\u00e4llet kunna erbjuda fungerande v\u00e4lf\u00e4rd, vatten- och livsmedelsf\u00f6rs\u00f6rjning, tillg\u00e5ng till drivmedel, energi och fungerande kommunikationer. Att s\u00e4kra den f\u00f6rm\u00e5gan bidrar till \u00f6kad trygghet, h\u00e5llbar omst\u00e4llning, attraktions- och konkurrenskraft.<\/p>\n<p>\u00d6-l\u00e4get kr\u00e4ver ett akutsjukhus som har st\u00f6rre kompetensbredd, fler specialiteter, mer omfattande jourlinjer och smittskyddsverksamhet, mer omfattande investeringar i kontinuerlig fortbildning, utrustning, lokaler och teknisk verksamhet \u00e4n ett j\u00e4mf\u00f6rbart sjukhus p\u00e5 fastlandet. \u00d6ns relativt lilla befolkning, i relation till uppdraget som sjukv\u00e5rdshuvudman, dubbleras dessutom under vissa sommarveckor. Den betydande s\u00e4songsvariationen inneb\u00e4r att h\u00e4lso- och sjukv\u00e5rden beh\u00f6ver en h\u00f6g grad av flexibilitet i planering och kapacitet, liksom beredskap f\u00f6r att hantera kriser och \u00e4ven h\u00f6jd beredskap. Resursm\u00e4ssigt inneb\u00e4r detta en stor utmaning f\u00f6r landets minsta region.             <\/div>\n        <\/div>\n        <\/p>\n<p>[\/et_pb_text][et_pb_text module_id=&#8221;ivarlden&#8221; _builder_version=&#8221;4.2.2&#8243; text_font_size=&#8221;1rem&#8221; header_text_color=&#8221;#55565a&#8221; header_2_text_color=&#8221;#55565a&#8221; header_2_font_size=&#8221;1.5rem&#8221; header_3_text_color=&#8221;#55565a&#8221; max_width=&#8221;650px&#8221; max_width_tablet=&#8221;&#8221; max_width_phone=&#8221;&#8221; max_width_last_edited=&#8221;on|desktop&#8221; module_alignment=&#8221;left&#8221; custom_margin=&#8221;|245px|1rem||false|false&#8221; header_2_font_size_tablet=&#8221;&#8221; header_2_font_size_phone=&#8221;1.2rem&#8221; header_2_font_size_last_edited=&#8221;on|desktop&#8221;]<\/p>\n<h2>Bred samverkan med omv\u00e4rlden<\/h2>\n<p>Gotland har en n\u00e4ra samverkan med \u00f6vriga landet, inte minst med Stockholm-M\u00e4larregionen i fr\u00e5gor som ber\u00f6r kommunikationer, h\u00f6gre utbildning, sjukv\u00e5rd med mera. Region Stockholm och Region Gotland samverkar inom den gemensamma sjukv\u00e5rdsregionen. Campus Gotland \u00e4r ett campus inom Uppsala universitet.<\/p>\n<p>Transportpolitiskt medverkar Gotland som ett av sju l\u00e4n i samarbetet En B\u00e4ttre Sits som koordineras av M\u00e4lardalsr\u00e5det. Inom strukturfondspartnerskapet Sm\u00e5land och \u00f6arna sker samverkan och gemensam prioritering av det regionala strukturfondsprogrammet och det nationella socialfondsprogrammet. Det \u00e4r exempel p\u00e5 samverkan som \u00e4r grundl\u00e4ggande f\u00f6r Gotlands utveckling.<\/p>\n<p>Samverkan med andra \u00f6- och kustregioner inom EU \u00e4r viktigt f\u00f6r utvecklingskraft och inspiration. M\u00e5nga akt\u00f6rer i det gotl\u00e4ndska samh\u00e4llet har goda internationella kontakter, vilket st\u00e4rker banden mellan m\u00e4nniskor och regioner. Samarbeten inom EU underl\u00e4ttas av att det finns gemensamma strukturer och finansieringsm\u00f6jligheter. Samtidigt sker samarbeten \u00e4ven med regioner utanf\u00f6r EU. Geografin avg\u00f6r inte val av samarbetspartners, det \u00e4r merv\u00e4rdet f\u00f6r Gotland som \u00e4r avg\u00f6rande.<\/p>\n<p>[\/et_pb_text][\/et_pb_column][et_pb_column type=&#8221;2_5&#8243; _builder_version=&#8221;3.29.2&#8243;][et_pb_image src=&#8221;https:\/\/rus.gotland.se\/wp-content\/uploads\/2021\/03\/Karta_f\u00f6rbindelser.png&#8221; alt=&#8221;Karta \u00f6ver norra Europa med Gotland i centrum och viktiga kommunikationsv\u00e4gar markerade&#8221; show_in_lightbox=&#8221;on&#8221; _builder_version=&#8221;4.2.2&#8243; max_width=&#8221;650px&#8221;][\/et_pb_image][\/et_pb_column][\/et_pb_row][et_pb_row _builder_version=&#8221;4.2.2&#8243; positioning=&#8221;none&#8221; z_index=&#8221;1&#8243; width=&#8221;50%&#8221; width_tablet=&#8221;80%&#8221; width_phone=&#8221;&#8221; width_last_edited=&#8221;on|desktop&#8221; module_alignment=&#8221;center&#8221; custom_margin=&#8221;1rem||1rem||true|false&#8221; custom_padding=&#8221;0px||0px||true|false&#8221; global_module=&#8221;1540&#8243; saved_tabs=&#8221;all&#8221;][et_pb_column type=&#8221;4_4&#8243; _builder_version=&#8221;4.2.2&#8243;][\/et_pb_column][\/et_pb_row][\/et_pb_section][et_pb_section fb_built=&#8221;1&#8243; _builder_version=&#8221;4.2.2&#8243; background_enable_color=&#8221;off&#8221; use_background_color_gradient=&#8221;on&#8221; background_color_gradient_start=&#8221;rgba(162,189,48,0.39)&#8221; background_color_gradient_end=&#8221;rgba(3,124,194,0.43)&#8221; background_color_gradient_direction=&#8221;244deg&#8221; custom_margin=&#8221;0px||0px||true|false&#8221; custom_padding=&#8221;0px||0px||true|false&#8221; global_module=&#8221;2291&#8243; saved_tabs=&#8221;all&#8221;][et_pb_row _builder_version=&#8221;4.2.2&#8243; width_tablet=&#8221;&#8221; width_phone=&#8221;90%&#8221; width_last_edited=&#8221;on|phone&#8221; custom_margin=&#8221;0px|auto|0px||true|false&#8221; custom_padding=&#8221;0px||0px||true|false&#8221;][et_pb_column type=&#8221;4_4&#8243; _builder_version=&#8221;4.2.2&#8243;][et_pb_text _builder_version=&#8221;4.2.2&#8243; text_text_color=&#8221;#55565a&#8221; text_font_size=&#8221;0.8rem&#8221; text_line_height=&#8221;1.6rem&#8221; header_text_color=&#8221;#55565a&#8221; header_2_text_color=&#8221;#55565a&#8221; header_2_font_size=&#8221;1.5rem&#8221; max_width=&#8221;650px&#8221; max_width_tablet=&#8221;&#8221; max_width_phone=&#8221;&#8221; max_width_last_edited=&#8221;on|desktop&#8221; module_alignment=&#8221;left&#8221; custom_margin=&#8221;0rem||0rem||true|false&#8221; text_line_height_tablet=&#8221;&#8221; text_line_height_phone=&#8221;&#8221; text_line_height_last_edited=&#8221;on|tablet&#8221; header_2_font_size_tablet=&#8221;&#8221; header_2_font_size_phone=&#8221;1.2rem&#8221; header_2_font_size_last_edited=&#8221;on|phone&#8221;]<\/p>\n\n<p>[\/et_pb_text][\/et_pb_column][\/et_pb_row][\/et_pb_section]<\/p>\n","protected":false},"excerpt":{"rendered":"<p><span><span><a href=\"https:\/\/rus.gotland.se\/\">V\u00e5rt Gotland 2040<\/a><\/span><\/span>Gotland i v\u00e4rlden \u00d6-l\u00e4get p\u00e5verkar f\u00f6ruts\u00e4ttningarna Gotland ligger mitt i \u00d6stersj\u00f6n. Det \u00e4r femton mil till Nyn\u00e4shamn, tolv mil till Oskarshamn tio mil till V\u00e4stervik och cirka tjugo mil till Lettlands kust. \u00d6-l\u00e4get inneb\u00e4r f\u00f6ruts\u00e4ttningar som uppmuntrar kreativitet och en vana att gemensamt l\u00f6sa viktiga fr\u00e5gor. En stark kulturell och regional identitet \u00e4r n\u00e5got som [&hellip;]<\/p>\n","protected":false},"author":1,"featured_media":0,"parent":0,"menu_order":0,"comment_status":"closed","ping_status":"closed","template":"","meta":{"_acf_changed":false,"_et_pb_use_builder":"on","_et_pb_old_content":"","_et_gb_content_width":"","_lmt_disableupdate":"no","_lmt_disable":"","footnotes":""},"categories":[22,19],"tags":[],"class_list":["post-1885","page","type-page","status-publish","hentry","category-om-rus","category-rus"],"acf":[],"yoast_head":"<!-- This site is optimized with the Yoast SEO plugin v26.9 - https:\/\/yoast.com\/product\/yoast-seo-wordpress\/ -->\n<title>Gotland i v\u00e4rlden - V\u00e5rt Gotland 2040<\/title>\n<meta name=\"robots\" content=\"index, follow, max-snippet:-1, max-image-preview:large, max-video-preview:-1\" \/>\n<link rel=\"canonical\" href=\"https:\/\/rus.gotland.se\/?page_id=1885\" \/>\n<meta property=\"og:locale\" content=\"sv_SE\" \/>\n<meta property=\"og:type\" content=\"article\" \/>\n<meta property=\"og:title\" content=\"Gotland i v\u00e4rlden - V\u00e5rt Gotland 2040\" \/>\n<meta property=\"og:description\" content=\"Gotland i v\u00e4rlden \u00d6-l\u00e4get p\u00e5verkar f\u00f6ruts\u00e4ttningarna Gotland ligger mitt i \u00d6stersj\u00f6n. Det \u00e4r femton mil till Nyn\u00e4shamn, tolv mil till Oskarshamn tio mil till V\u00e4stervik och cirka tjugo mil till Lettlands kust. \u00d6-l\u00e4get inneb\u00e4r f\u00f6ruts\u00e4ttningar som uppmuntrar kreativitet och en vana att gemensamt l\u00f6sa viktiga fr\u00e5gor. En stark kulturell och regional identitet \u00e4r n\u00e5got som [&hellip;]\" \/>\n<meta property=\"og:url\" content=\"https:\/\/rus.gotland.se\/?page_id=1885\" \/>\n<meta property=\"og:site_name\" content=\"V\u00e5rt Gotland 2040\" \/>\n<meta property=\"article:modified_time\" content=\"2021-03-17T08:27:53+00:00\" \/>\n<meta property=\"og:image\" content=\"https:\/\/rus.gotland.se\/wp-content\/uploads\/2019\/11\/Rus_ill_0.png\" \/>\n\t<meta property=\"og:image:width\" content=\"1920\" \/>\n\t<meta property=\"og:image:height\" content=\"1080\" \/>\n\t<meta property=\"og:image:type\" content=\"image\/png\" \/>\n<meta name=\"twitter:card\" content=\"summary_large_image\" \/>\n<meta name=\"twitter:label1\" content=\"Ber\u00e4knad l\u00e4stid\" \/>\n\t<meta name=\"twitter:data1\" content=\"7 minuter\" \/>\n<script type=\"application\/ld+json\" class=\"yoast-schema-graph\">{\"@context\":\"https:\/\/schema.org\",\"@graph\":[{\"@type\":\"WebPage\",\"@id\":\"https:\/\/rus.gotland.se\/?page_id=1885\",\"url\":\"https:\/\/rus.gotland.se\/?page_id=1885\",\"name\":\"Gotland i v\u00e4rlden - V\u00e5rt Gotland 2040\",\"isPartOf\":{\"@id\":\"https:\/\/rus.gotland.se\/#website\"},\"datePublished\":\"2020-02-27T01:50:52+00:00\",\"dateModified\":\"2021-03-17T08:27:53+00:00\",\"breadcrumb\":{\"@id\":\"https:\/\/rus.gotland.se\/?page_id=1885#breadcrumb\"},\"inLanguage\":\"sv-SE\",\"potentialAction\":[{\"@type\":\"ReadAction\",\"target\":[\"https:\/\/rus.gotland.se\/?page_id=1885\"]}]},{\"@type\":\"BreadcrumbList\",\"@id\":\"https:\/\/rus.gotland.se\/?page_id=1885#breadcrumb\",\"itemListElement\":[{\"@type\":\"ListItem\",\"position\":1,\"name\":\"V\u00e5rt Gotland 2040\",\"item\":\"https:\/\/rus.gotland.se\/\"},{\"@type\":\"ListItem\",\"position\":2,\"name\":\"Gotland i v\u00e4rlden\"}]},{\"@type\":\"WebSite\",\"@id\":\"https:\/\/rus.gotland.se\/#website\",\"url\":\"https:\/\/rus.gotland.se\/\",\"name\":\"V\u00e5rt Gotland 2040\",\"description\":\"Regional utvecklingsstrategi - RUS | Region Gotland\",\"publisher\":{\"@id\":\"https:\/\/rus.gotland.se\/#organization\"},\"potentialAction\":[{\"@type\":\"SearchAction\",\"target\":{\"@type\":\"EntryPoint\",\"urlTemplate\":\"https:\/\/rus.gotland.se\/?s={search_term_string}\"},\"query-input\":{\"@type\":\"PropertyValueSpecification\",\"valueRequired\":true,\"valueName\":\"search_term_string\"}}],\"inLanguage\":\"sv-SE\"},{\"@type\":\"Organization\",\"@id\":\"https:\/\/rus.gotland.se\/#organization\",\"name\":\"Region Gotland\",\"url\":\"https:\/\/rus.gotland.se\/\",\"logo\":{\"@type\":\"ImageObject\",\"inLanguage\":\"sv-SE\",\"@id\":\"https:\/\/rus.gotland.se\/#\/schema\/logo\/image\/\",\"url\":\"https:\/\/rus.gotland.se\/wp-content\/uploads\/2019\/09\/RG_logo.png\",\"contentUrl\":\"https:\/\/rus.gotland.se\/wp-content\/uploads\/2019\/09\/RG_logo.png\",\"width\":900,\"height\":368,\"caption\":\"Region Gotland\"},\"image\":{\"@id\":\"https:\/\/rus.gotland.se\/#\/schema\/logo\/image\/\"}}]}<\/script>\n<!-- \/ Yoast SEO plugin. -->","yoast_head_json":{"title":"Gotland i v\u00e4rlden - V\u00e5rt Gotland 2040","robots":{"index":"index","follow":"follow","max-snippet":"max-snippet:-1","max-image-preview":"max-image-preview:large","max-video-preview":"max-video-preview:-1"},"canonical":"https:\/\/rus.gotland.se\/?page_id=1885","og_locale":"sv_SE","og_type":"article","og_title":"Gotland i v\u00e4rlden - V\u00e5rt Gotland 2040","og_description":"Gotland i v\u00e4rlden \u00d6-l\u00e4get p\u00e5verkar f\u00f6ruts\u00e4ttningarna Gotland ligger mitt i \u00d6stersj\u00f6n. Det \u00e4r femton mil till Nyn\u00e4shamn, tolv mil till Oskarshamn tio mil till V\u00e4stervik och cirka tjugo mil till Lettlands kust. \u00d6-l\u00e4get inneb\u00e4r f\u00f6ruts\u00e4ttningar som uppmuntrar kreativitet och en vana att gemensamt l\u00f6sa viktiga fr\u00e5gor. En stark kulturell och regional identitet \u00e4r n\u00e5got som [&hellip;]","og_url":"https:\/\/rus.gotland.se\/?page_id=1885","og_site_name":"V\u00e5rt Gotland 2040","article_modified_time":"2021-03-17T08:27:53+00:00","og_image":[{"width":1920,"height":1080,"url":"https:\/\/rus.gotland.se\/wp-content\/uploads\/2019\/11\/Rus_ill_0.png","type":"image\/png"}],"twitter_card":"summary_large_image","twitter_misc":{"Ber\u00e4knad l\u00e4stid":"7 minuter"},"schema":{"@context":"https:\/\/schema.org","@graph":[{"@type":"WebPage","@id":"https:\/\/rus.gotland.se\/?page_id=1885","url":"https:\/\/rus.gotland.se\/?page_id=1885","name":"Gotland i v\u00e4rlden - V\u00e5rt Gotland 2040","isPartOf":{"@id":"https:\/\/rus.gotland.se\/#website"},"datePublished":"2020-02-27T01:50:52+00:00","dateModified":"2021-03-17T08:27:53+00:00","breadcrumb":{"@id":"https:\/\/rus.gotland.se\/?page_id=1885#breadcrumb"},"inLanguage":"sv-SE","potentialAction":[{"@type":"ReadAction","target":["https:\/\/rus.gotland.se\/?page_id=1885"]}]},{"@type":"BreadcrumbList","@id":"https:\/\/rus.gotland.se\/?page_id=1885#breadcrumb","itemListElement":[{"@type":"ListItem","position":1,"name":"V\u00e5rt Gotland 2040","item":"https:\/\/rus.gotland.se\/"},{"@type":"ListItem","position":2,"name":"Gotland i v\u00e4rlden"}]},{"@type":"WebSite","@id":"https:\/\/rus.gotland.se\/#website","url":"https:\/\/rus.gotland.se\/","name":"V\u00e5rt Gotland 2040","description":"Regional utvecklingsstrategi - RUS | Region Gotland","publisher":{"@id":"https:\/\/rus.gotland.se\/#organization"},"potentialAction":[{"@type":"SearchAction","target":{"@type":"EntryPoint","urlTemplate":"https:\/\/rus.gotland.se\/?s={search_term_string}"},"query-input":{"@type":"PropertyValueSpecification","valueRequired":true,"valueName":"search_term_string"}}],"inLanguage":"sv-SE"},{"@type":"Organization","@id":"https:\/\/rus.gotland.se\/#organization","name":"Region Gotland","url":"https:\/\/rus.gotland.se\/","logo":{"@type":"ImageObject","inLanguage":"sv-SE","@id":"https:\/\/rus.gotland.se\/#\/schema\/logo\/image\/","url":"https:\/\/rus.gotland.se\/wp-content\/uploads\/2019\/09\/RG_logo.png","contentUrl":"https:\/\/rus.gotland.se\/wp-content\/uploads\/2019\/09\/RG_logo.png","width":900,"height":368,"caption":"Region Gotland"},"image":{"@id":"https:\/\/rus.gotland.se\/#\/schema\/logo\/image\/"}}]}},"_links":{"self":[{"href":"https:\/\/rus.gotland.se\/index.php?rest_route=\/wp\/v2\/pages\/1885","targetHints":{"allow":["GET"]}}],"collection":[{"href":"https:\/\/rus.gotland.se\/index.php?rest_route=\/wp\/v2\/pages"}],"about":[{"href":"https:\/\/rus.gotland.se\/index.php?rest_route=\/wp\/v2\/types\/page"}],"author":[{"embeddable":true,"href":"https:\/\/rus.gotland.se\/index.php?rest_route=\/wp\/v2\/users\/1"}],"replies":[{"embeddable":true,"href":"https:\/\/rus.gotland.se\/index.php?rest_route=%2Fwp%2Fv2%2Fcomments&post=1885"}],"version-history":[{"count":17,"href":"https:\/\/rus.gotland.se\/index.php?rest_route=\/wp\/v2\/pages\/1885\/revisions"}],"predecessor-version":[{"id":3496,"href":"https:\/\/rus.gotland.se\/index.php?rest_route=\/wp\/v2\/pages\/1885\/revisions\/3496"}],"wp:attachment":[{"href":"https:\/\/rus.gotland.se\/index.php?rest_route=%2Fwp%2Fv2%2Fmedia&parent=1885"}],"wp:term":[{"taxonomy":"category","embeddable":true,"href":"https:\/\/rus.gotland.se\/index.php?rest_route=%2Fwp%2Fv2%2Fcategories&post=1885"},{"taxonomy":"post_tag","embeddable":true,"href":"https:\/\/rus.gotland.se\/index.php?rest_route=%2Fwp%2Fv2%2Ftags&post=1885"}],"curies":[{"name":"wp","href":"https:\/\/api.w.org\/{rel}","templated":true}]}}